{"id":206,"date":"2019-04-10T14:42:06","date_gmt":"2019-04-10T14:42:06","guid":{"rendered":"https:\/\/wclshipping.com\/politica-cookies\/"},"modified":"2019-04-16T13:10:38","modified_gmt":"2019-04-16T13:10:38","slug":"cookies-policy","status":"publish","type":"page","link":"https:\/\/www.wclshipping.com\/en\/cookies-policy\/","title":{"rendered":"Cookies Policy"},"content":{"rendered":"\n<style type=\"text\/css\" data-created_by=\"avia_inline_auto\" id=\"style-css-av-av_one_full-25347b0a799d5b9f7058434b2a9c3182\">\n.flex_column.av-av_one_full-25347b0a799d5b9f7058434b2a9c3182{\nborder-radius:0px 0px 0px 0px;\npadding:0px 0px 0px 0px;\n}\n<\/style>\n<div  class='flex_column av-av_one_full-25347b0a799d5b9f7058434b2a9c3182 av_one_full  avia-builder-el-0  avia-builder-el-no-sibling  first flex_column_div av-zero-column-padding  '     ><section  class='av_textblock_section av-jubawaw1-02b53605bf365e9d810669ab81a0e6ca '   itemscope=\"itemscope\" itemtype=\"https:\/\/schema.org\/CreativeWork\" ><div class='avia_textblock'  itemprop=\"text\" ><h2>\u00bfQu\u00e9 son las Cookies?<\/h2>\n<p>Una Cookie es cualquier tipo de archivo o dispositivo que se descarga en el equipo terminal de un usuario con la finalidad de almacenar datos que podr\u00e1n ser actualizados y recuperados por la entidad responsable de su instalaci\u00f3n.<\/p>\n<h2>Tipos de Cookies<\/h2>\n<p>Seg\u00fan la entidad que las gestione:<\/p>\n<ul>\n<li><strong>Cookies propias:<\/strong> Son aqu\u00e9llas que se env\u00edan al equipo terminal del usuario desde un equipo o dominio gestionado por el propio editor y desde el que se presta el servicio solicitado por el usuario.<\/li>\n<li><strong>Cookies de terceros:<\/strong> Son aqu\u00e9llas que se env\u00edan al equipo terminal del usuario desde un equipo o dominio que no es gestionado por el editor, sino por otra entidad que trata los datos obtenidos trav\u00e9s de las cookies.<\/li>\n<\/ul>\n<p>Seg\u00fan el plazo de tiempo que permanecen activadas:<\/p>\n<ul>\n<li><strong>Cookies de sesi\u00f3n:<\/strong> Son un tipo de cookies dise\u00f1adas para recabar y almacenar datos mientras el usuario accede a una p\u00e1gina web. Se suelen emplear para almacenar informaci\u00f3n que solo interesa conservar para la prestaci\u00f3n del servicio solicitado por el usuario en una sola ocasi\u00f3n (p.e. una lista de productos adquiridos).<\/li>\n<li><strong>Cookies persistentes:<\/strong> Son un tipo de cookies en el que los datos siguen almacenados en el terminal y pueden ser accedidos y tratados durante un periodo definido por el responsable de la cookie, y que puede ir de unos minutos a varios a\u00f1os.<\/li>\n<\/ul>\n<p>Seg\u00fan su finalidad:<\/p>\n<ul>\n<li><strong>Cookies t\u00e9cnicas:<\/strong> Son aqu\u00e9llas que permiten al usuario la navegaci\u00f3n a trav\u00e9s de una p\u00e1gina web, plataforma o aplicaci\u00f3n y la utilizaci\u00f3n de las diferentes opciones o servicios que en ella existan como, por ejemplo, controlar el tr\u00e1fico y la comunicaci\u00f3n de datos, identificar la sesi\u00f3n, acceder a partes de acceso restringido, recordar los elementos que integran un pedido, realizar el proceso de compra de un pedido, realizar la solicitud de inscripci\u00f3n o participaci\u00f3n en un evento, utilizar elementos de seguridad durante la navegaci\u00f3n, almacenar contenidos para la difusi\u00f3n de v\u00eddeos o sonido o compartir contenidos a trav\u00e9s de redes sociales.<\/li>\n<li><strong>Cookies de personalizaci\u00f3n:<\/strong> Son aqu\u00e9llas que permiten al usuario acceder al servicio con algunas caracter\u00edsticas de car\u00e1cter general predefinidas en funci\u00f3n de una serie de criterios en el terminal del usuario como por ejemplo serian el idioma, el tipo de navegador a trav\u00e9s del cual accede al servicio, la configuraci\u00f3n regional desde donde accede al servicio, etc.<\/li>\n<li><strong>Cookies de an\u00e1lisis:<\/strong> Son aqu\u00e9llas que permiten al responsable de las mismas, el seguimiento y an\u00e1lisis del comportamiento de los usuarios de los sitios web a los que est\u00e1n vinculadas. La informaci\u00f3n recogida mediante este tipo de cookies se utiliza en la medici\u00f3n de la actividad de los sitios web, aplicaci\u00f3n o plataforma y para la elaboraci\u00f3n de perfiles de navegaci\u00f3n de los usuarios de dichos sitios, aplicaciones y plataformas, con el fin de introducir mejoras en funci\u00f3n del an\u00e1lisis de los datos de uso que hacen los usuarios del servicio.<\/li>\n<li><strong>Cookies publicitarias:<\/strong> Son aqu\u00e9llas que permiten la gesti\u00f3n, de la forma m\u00e1s eficaz posible, de los espacios publicitarios que, en su caso, el editor haya incluido en una p\u00e1gina web, aplicaci\u00f3n o plataforma desde la que presta el servicio solicitado en base a criterios como el contenido editado o la frecuencia en la que se muestran los anuncios.<\/li>\n<li><strong>Cookies de publicidad comportamental:<\/strong> Son aqu\u00e9llas que permiten la gesti\u00f3n, de la forma m\u00e1s eficaz posible, de los espacios publicitarios que, en su caso, el editor haya incluido en una p\u00e1gina web, aplicaci\u00f3n o plataforma desde la que presta el servicio solicitado. Estas cookies almacenan informaci\u00f3n del comportamiento de los usuarios obtenida a trav\u00e9s de la observaci\u00f3n continuada de sus h\u00e1bitos de navegaci\u00f3n, lo que permite desarrollar un perfil espec\u00edfico para mostrar publicidad en funci\u00f3n del mismo.<\/li>\n<\/ul>\n<h2>\u00bfQu\u00e9 tipos de cookies utiliza esta p\u00e1gina web?<\/h2>\n<p>Las cookies emitidas por WCL SHIPPING, son las siguientes:<span data-ccp-props=\"{\">\u00a0<\/span><span data-ccp-props=\"{\">\u00a0<\/span><\/p>\n<\/div><\/section><br \/>\n\n<style type=\"text\/css\" data-created_by=\"avia_inline_auto\" id=\"style-css-av-jubb840y-9ac994f857f6589bdecd0ce6dd5ae410\">\n#top .hr.hr-invisible.av-jubb840y-9ac994f857f6589bdecd0ce6dd5ae410{\nheight:15px;\n}\n<\/style>\n<div  class='hr av-jubb840y-9ac994f857f6589bdecd0ce6dd5ae410 hr-invisible  avia-builder-el-2  el_after_av_textblock  el_before_av_table '><span class='hr-inner '><span class=\"hr-inner-style\"><\/span><\/span><\/div><br \/>\n<div class='avia-data-table-wrap av-av_table-fec85ad9e078735f3d04e286d5e4847d avia_responsive_table avia-table-1'><table  class='avia-table avia-data-table avia_pricing_default  avia-builder-el-3  el_after_av_hr  el_before_av_hr '  itemscope=\"itemscope\" itemtype=\"https:\/\/schema.org\/Table\" ><tbody><tr class=''><td class=''>NOMBRE<\/td><td class=''>ID<\/td><td class=''>TIPO<\/td><td class=''>FINALIDAD<\/td><td class=''>M\u00c1S INFORMACI\u00d3N<\/td><td class=''>PROPIETARIO DE LA COOKIE<\/td><\/tr><tr class=''><td class=''>PHPSESSID <\/td><td class=''>1<\/td><td class=''>Sesi\u00f3n<\/td><td class=''>Cookie identificaci\u00f3n de sesi\u00f3n <\/td><td class=''>Esta cookie es usado por el lenguaje de encriptado PHP para permitir que las variables de SESI\u00d3N sean guardadas en el servidor web. Esta cookies es esencial para el funcionamiento de la web.<\/td><td class=''>tibagroup.com <\/td><\/tr><tr class=''><td class=''>_icl_current_language\t<\/td><td class=''>2<\/td><td class=''>Language<\/td><td class=''>It identifies the user\u2019slanguage\t<\/td><td class=''>Identifies and store the user\u2019s browsing language on the page to display articles in Spanish or English.\t<\/td><td class=''>WPML WordPress<br \/>\n<\/td><\/tr><\/tbody><\/table><\/div><br \/>\n\n<style type=\"text\/css\" data-created_by=\"avia_inline_auto\" id=\"style-css-av-jubb88wc-79f5bac031a6ab60582d7a7f86ddd17f\">\n#top .hr.hr-invisible.av-jubb88wc-79f5bac031a6ab60582d7a7f86ddd17f{\nheight:15px;\n}\n<\/style>\n<div  class='hr av-jubb88wc-79f5bac031a6ab60582d7a7f86ddd17f hr-invisible  avia-builder-el-4  el_after_av_table  el_before_av_textblock '><span class='hr-inner '><span class=\"hr-inner-style\"><\/span><\/span><\/div><br \/>\n<section  class='av_textblock_section av-jubawjnw-87afdd70c0a23c21360217063a5dd029 '   itemscope=\"itemscope\" itemtype=\"https:\/\/schema.org\/CreativeWork\" ><div class='avia_textblock'  itemprop=\"text\" ><h3>Para eliminar cookies de su navegador:<\/h3>\n<p>Ud. podr\u00e1 gestionar el uso de cookies a trav\u00e9s del navegador instalado en su equipo. En los siguientes enlaces Ud. podr\u00e1 conocer qu\u00e9 tipo de cookies han sido instaladas, as\u00ed como el procedimiento para su bloqueo o eliminaci\u00f3n de su ordenador. En funci\u00f3n del navegador empleado, podr\u00e1 utilizar alguno de los siguientes links:<\/p>\n<ul>\n<li>Firefox: <a href=\"http:\/\/support.mozilla.org\/es\/kb\/Borrar%20cookies\" target=\"_blank\" rel=\"noopener noreferrer nofollow\">http:\/\/support.mozilla.org\/es\/kb\/Borrar%20cookies <\/a><\/li>\n<li>Chrome: <a href=\"http:\/\/support.google.com\/chrome\/bin\/answer.py?hl=es&amp;answer=95647\" target=\"_blank\" rel=\"noopener noreferrer nofollow\">http:\/\/support.google.com\/chrome\/bin\/answer.py?hl=es&amp;answer=95647<\/a><\/li>\n<li>Safari: <a href=\"https:\/\/support.apple.com\/kb\/PH19214?locale=es_ES&amp;viewlocale=es_ES\" target=\"_blank\" rel=\"noopener noreferrer nofollow\">https:\/\/support.apple.com\/kb\/PH19214?locale=es_ES&amp;viewlocale=es_ES<\/a><\/li>\n<li>Explorer: <a href=\"http:\/\/windows.microsoft.com\/es-es\/windows7\/how-to-manage-cookies-in-internet-explorer-9\" target=\"_blank\" rel=\"noopener noreferrer nofollow\">http:\/\/windows.microsoft.com\/es-es\/windows7\/how-to-manage-cookies-in-internet-explorer-9<\/a><\/li>\n<li>Opera: <a href=\"https:\/\/help.opera.com\/en\/latest\/web-preferences\/#cookies\" target=\"_blank\" rel=\"noopener noreferrer nofollow\">https:\/\/help.opera.com\/en\/latest\/web-preferences\/#cookies<\/a><\/li>\n<\/ul>\n<\/div><\/section><\/p><\/div>\n","protected":false},"excerpt":{"rendered":"","protected":false},"author":2,"featured_media":0,"parent":0,"menu_order":0,"comment_status":"closed","ping_status":"closed","template":"","meta":{"footnotes":""},"class_list":["post-206","page","type-page","status-publish","hentry"],"_links":{"self":[{"href":"https:\/\/www.wclshipping.com\/en\/wp-json\/wp\/v2\/pages\/206","targetHints":{"allow":["GET"]}}],"collection":[{"href":"https:\/\/www.wclshipping.com\/en\/wp-json\/wp\/v2\/pages"}],"about":[{"href":"https:\/\/www.wclshipping.com\/en\/wp-json\/wp\/v2\/types\/page"}],"author":[{"embeddable":true,"href":"https:\/\/www.wclshipping.com\/en\/wp-json\/wp\/v2\/users\/2"}],"replies":[{"embeddable":true,"href":"https:\/\/www.wclshipping.com\/en\/wp-json\/wp\/v2\/comments?post=206"}],"version-history":[{"count":0,"href":"https:\/\/www.wclshipping.com\/en\/wp-json\/wp\/v2\/pages\/206\/revisions"}],"wp:attachment":[{"href":"https:\/\/www.wclshipping.com\/en\/wp-json\/wp\/v2\/media?parent=206"}],"curies":[{"name":"wp","href":"https:\/\/api.w.org\/{rel}","templated":true}]}}